{"id":1470,"date":"2022-06-21T19:06:56","date_gmt":"2022-06-21T17:06:56","guid":{"rendered":"http:\/\/mantesplast.dds-ingenierie.fr\/index.php\/mesmerize\/"},"modified":"2025-09-15T20:34:05","modified_gmt":"2025-09-15T18:34:05","slug":"mesmerize","status":"publish","type":"page","link":"https:\/\/mantesplast.dds-ingenierie.fr\/","title":{"rendered":"Front Page"},"content":{"rendered":"<div id=\"recyclage\" class=\"features-16-card-bordered-mc content-section content-section-spacing full-screen-section\" style=\"background-color: #ffffff;\" data-label=\"Recyclage\" data-id=\"features-16-card-bordered-mc\" data-export-id=\"features-16-card-bordered-mc\" data-bullets-visibility=\"true\" data-category=\"features\">\n<div class=\"gridContainer\">\n<div class=\"row text-center\">\n<div class=\"section-title-col\" data-type=\"column\">\n<h2 class=\"\">Le Recyclage du plastique le coeur de notre m\u00e9tier<\/h2>\n<\/div>\n<\/div>\n<div class=\"row spaced-cols\" data-type=\"row\">\n<div class=\"col-xs-12 col-sm-6 col-md-4\">\n<div class=\"card no-padding bordered y-move\"><img decoding=\"async\" class=\"face\" title=\"IMG_20220417_102555\" src=\"http:\/\/mantesplast.dds-ingenierie.fr\/wp-content\/uploads\/2022\/06\/cropped-cropped-IMG_20220417_102555-scaled-1.jpg\" alt=\"\" \/><\/p>\n<div class=\"col-padding-small col-padding-small-xs description-container\" data-type=\"column\">\n<h4 class=\"font-500\">Concesption Nouveaux Produits<\/h4>\n<p class=\"\">Conception , \u00e9tude et design de nouvelles pieces en plastique recycl\u00e9 personalis\u00e9 pour tous les besoins<\/p>\n<\/div>\n<div class=\"col-padding-small col-padding-small-xs read-more-container\" data-type=\"column\">\u00a0<\/div>\n<\/div>\n<\/div>\n<div class=\"col-xs-12 col-sm-6 col-md-4\">\n<div class=\"card no-padding bordered y-move\"><img decoding=\"async\" class=\"face\" title=\"IMG_20220622_141148\" src=\"http:\/\/mantesplast.dds-ingenierie.fr\/wp-content\/uploads\/2022\/06\/cropped-IMG_20220622_141148-scaled-1.jpg\" alt=\"\" \/><\/p>\n<div class=\"col-padding-small col-padding-small-xs description-container\" data-type=\"column\">\n<h4 class=\"font-500\">Vente de granul\u00e9 plastique Recycl\u00e9<\/h4>\n<\/div>\n<div class=\"col-padding-small col-padding-small-xs read-more-container\" data-type=\"column\">\u00a0<\/div>\n<\/div>\n<\/div>\n<div class=\"col-xs-12 col-sm-6 col-md-4\">\n<div class=\"card no-padding bordered y-move\"><img decoding=\"async\" class=\"face\" src=\"http:\/\/mantesplast.dds-ingenierie.fr\/wp-content\/themes\/highlight\/customizer\/sections\/images\/cropped-startup-849804_1920.jpg\" \/><\/p>\n<div class=\"col-padding-small col-padding-small-xs description-container\" data-type=\"column\">\n<h4 class=\"font-500\">MantesPlast transforme les d\u00e9chets plastiques en objet du quotidien !<\/h4>\n<p class=\"\">MantesPlast est un atelier bas\u00e9 \u00e0 Mantes la ville . Nous fabriquons des produits durables avec du plastique 100 % recycl\u00e9 localement.<br \/>Notre \u00e9quipe m\u00e8ne des projets, du d\u00e9chet \u00e0 l\u2019objet en passant par le design, la production de panneaux et le fraisage num\u00e9rique.<br \/>La motivation de MantesPlast est de proposer un nouveau mat\u00e9riau limitant l\u2019impact environnemental gr\u00e2ce \u00e0 un circuit court int\u00e9grant des d\u00e9chets locaux.\u00a0<\/p>\n<\/div>\n<div class=\"col-padding-small col-padding-small-xs read-more-container\" data-type=\"column\">\u00a0<\/div>\n<\/div>\n<\/div>\n<\/div>\n<\/div>\n<\/div>\n<div id=\"r-et-d\" class=\"about-images-right-section-mc content-section content-section-spacing full-screen-section\" style=\"background-color: #f5fafd;\" data-label=\"R  et D\" data-id=\"about-images-right-section-mc\" data-export-id=\"about-images-right-section-mc\" data-bullets-visibility=\"true\" data-category=\"about\">\n<div class=\"gridContainer\">\n<div class=\"row middle-sm text-center\">\n<div class=\"col-sm-5 content-left-sm\" data-type=\"column\">\n<h5 class=\"\">Prochainement : Le Broyeur Plasticrunch\u00a0<\/h5>\n<h2 class=\"\">R&amp;D en cour<\/h2>\n<p class=\"\">Broyeur pour les particulers entreprise<\/p>\n<p><a class=\"button color1\" href=\"#\">GET STARTED TODAY<\/a><\/p>\n<\/div>\n<div class=\"col-sm-7 space-bottom-xs\">\n<div class=\"image-group-side-3-img\"><img decoding=\"async\" class=\"topimg shadow-large\" title=\"cropped-broyeur_big.jpg\" src=\"http:\/\/mantesplast.dds-ingenierie.fr\/wp-content\/uploads\/2022\/06\/cropped-broyeur_big.jpg\" alt=\"\" \/> <img decoding=\"async\" class=\"rightimg shadow-large\" title=\"cropped-broyeur_4.jpg\" src=\"http:\/\/mantesplast.dds-ingenierie.fr\/wp-content\/uploads\/2022\/06\/cropped-broyeur_4.jpg\" alt=\"\" \/><\/p>\n<div class=\"leftimg\"><img decoding=\"async\" class=\"shadow-large\" title=\"cropped-broyeur_0.jpg\" src=\"http:\/\/mantesplast.dds-ingenierie.fr\/wp-content\/uploads\/2022\/06\/cropped-broyeur_0.jpg\" alt=\"\" \/><\/div>\n<\/div>\n<\/div>\n<\/div>\n<\/div>\n<\/div>\n<div id=\"insertion-pro\" class=\"content-8-mc content-section content-section-spacing full-screen-section\" style=\"background-color: #ffffff;\" data-label=\"Insertion Pro\" data-id=\"content--1\" data-export-id=\"content-8-mc\" data-category=\"content\" data-bullets-visibility=\"true\">\n<div class=\"gridContainer\">\n<div class=\"row middle-sm\">\n<div class=\"col-sm-6 space-bottom-xs space-top-xs\" data-type=\"column\"><img decoding=\"async\" class=\"shadow-large\" src=\"http:\/\/mantesplast.dds-ingenierie.fr\/wp-content\/themes\/highlight\/customizer\/sections\/images\/business-3560916_1920.jpg\" \/><a class=\"link\" href=\"#\">new link<\/a><\/p>\n<h6 class=\"\">Heading 6<\/h6>\n<\/div>\n<div class=\"col-sm-6\" data-type=\"column\">\n<h2 class=\"\">Notre\u00a0 structure d\u2019insertion professionnelle\u00a0<\/h2>\n<p class=\"\">A pour but d\u2019inclure des personnes b\u00e9n\u00e9ficiaires des minimas sociaux, au travers de formations et de postes au sein de l\u2019atelier afin d\u2019amener vers des emplois p\u00e9rennes.<br \/>L\u2019 atelier de recyclage des plastiques \u00e0 pour fonctionnement\u00a0: Trier, broyer, injecter\u00a0et extruder du plastique pour cr\u00e9er de nouveaux produits de la vie courante\u00a0: pani\u00e8res, pots de fleurs, portes clefs, etc\u2026<\/p>\n<p><a class=\"button color1\" href=\"#\">LEARN MORE<\/a><\/p>\n<\/div>\n<\/div>\n<\/div>\n<\/div>\n<div id=\"prototype-broyeur\" class=\"content-12 content-section content-section-spacing full-screen-section\" style=\"background-color: #f5fafd;\" data-label=\"Prototype Broyeur\" data-id=\"content--2\" data-export-id=\"content-12\" data-category=\"content\" data-bullets-visibility=\"true\">\n<div class=\"gridContainer\">\n<div class=\"row text-center\">\n<div class=\"section-title-col\" data-type=\"column\">\n<h2 class=\"\">This is one of the things we do best<\/h2>\n<p class=\"lead\">With the Internet spreading linke wildfire and reaching every part of our daily life, more and more traffic is directed to websites in search for information.<\/p>\n<\/div>\n<\/div>\n<div class=\"row center-xs middle-xs\">\n<div class=\"col-sm-9\" data-type=\"column\"><img decoding=\"async\" class=\"shadow-large\" src=\"http:\/\/mantesplast.dds-ingenierie.fr\/wp-content\/plugins\/mesmerize-companion\/theme-data\/mesmerize\/sections\/images\/apple-1838564-big.jpg\" \/><\/div>\n<\/div>\n<\/div>\n<\/div>\n\n\n<h2 class=\"wp-block-heading\">Nos coordonn\u00e9es<\/h2>\n\n\n\n<p><strong>Horaires :&nbsp;<\/strong>8h \u2013 19h,&nbsp;du lundi au vendredi<\/p>\n\n\n\n<p><strong>Adresse :<\/strong>&nbsp;151 Boulevard Roger Salengro \u2013 78711 \u2013 Mantes-la-Ville<\/p>\n\n\n\n<p><strong>T\u00e9l :&nbsp;<\/strong>+33 (0) 6 14 23 46 5 <\/p>\n\n\n\n<p><em>Vous avez un projet&nbsp;? Contactez-nous, nous serons ravis d\u2019\u00e9changer avec vous.<\/em><\/p>\n\n\n<div class=\"wpforms-container wpforms-container-full wpforms-block wpforms-block-eda8b53a-43cb-47c4-a497-1a0f34aa4e89\" id=\"wpforms-1441\"><form id=\"wpforms-form-1441\" class=\"wpforms-validate wpforms-form\" data-formid=\"1441\" method=\"post\" enctype=\"multipart\/form-data\" action=\"\/index.php\/wp-json\/wp\/v2\/pages\/1470\" data-token=\"e0aecb61bdb4146caa50f4beb627697d\" data-token-time=\"1777382457\"><noscript class=\"wpforms-error-noscript\">Veuillez activer JavaScript dans votre navigateur pour remplir ce formulaire.<\/noscript><div class=\"wpforms-field-container\"><div id=\"wpforms-1441-field_0-container\" class=\"wpforms-field wpforms-field-name wpforms-one-half wpforms-first\" data-field-id=\"0\"><label class=\"wpforms-field-label wpforms-label-hide\" for=\"wpforms-1441-field_0\">Name <span class=\"wpforms-required-label\">*<\/span><\/label><input type=\"text\" id=\"wpforms-1441-field_0\" class=\"wpforms-field-large wpforms-field-required\" name=\"wpforms[fields][0]\" placeholder=\"Your Name\" required><\/div><div id=\"wpforms-1441-field_3-container\" class=\"wpforms-field wpforms-field-email wpforms-one-half\" data-field-id=\"3\"><label class=\"wpforms-field-label wpforms-label-hide\" for=\"wpforms-1441-field_3\">Email <span class=\"wpforms-required-label\">*<\/span><\/label><input type=\"email\" id=\"wpforms-1441-field_3\" class=\"wpforms-field-large wpforms-field-required\" name=\"wpforms[fields][3]\" placeholder=\"Your Email\" spellcheck=\"false\" required><\/div><div id=\"wpforms-1441-field_4-container\" class=\"wpforms-field wpforms-field-text\" data-field-id=\"4\"><label class=\"wpforms-field-label wpforms-label-hide\" for=\"wpforms-1441-field_4\">Subject<\/label><input type=\"text\" id=\"wpforms-1441-field_4\" class=\"wpforms-field-large\" name=\"wpforms[fields][4]\" placeholder=\"Subject\" ><\/div><div id=\"wpforms-1441-field_2-container\" class=\"wpforms-field wpforms-field-textarea\" data-field-id=\"2\"><label class=\"wpforms-field-label wpforms-label-hide\" for=\"wpforms-1441-field_2\">Message <span class=\"wpforms-required-label\">*<\/span><\/label><textarea id=\"wpforms-1441-field_2\" class=\"wpforms-field-medium wpforms-field-required\" name=\"wpforms[fields][2]\" placeholder=\"Your Message\" required><\/textarea><\/div><\/div><!-- .wpforms-field-container --><div class=\"wpforms-submit-container\" ><input type=\"hidden\" name=\"wpforms[id]\" value=\"1441\"><input type=\"hidden\" name=\"page_title\" value=\"\"><input type=\"hidden\" name=\"page_url\" value=\"https:\/\/mantesplast.dds-ingenierie.fr\/index.php\/wp-json\/wp\/v2\/pages\/1470\"><input type=\"hidden\" name=\"url_referer\" value=\"\"><button type=\"submit\" name=\"wpforms[submit]\" id=\"wpforms-submit-1441\" class=\"wpforms-submit\" data-alt-text=\"Sending...\" data-submit-text=\"Send message\" aria-live=\"assertive\" value=\"wpforms-submit\">Send message<\/button><\/div><\/form><\/div>  <!-- .wpforms-container -->\n\n\n<!-- Title et meta -->\n<title>Bureau d\u2019\u00e9tude m\u00e9canique \u00e0 Mantes-la-Ville (Mantois) | DDS Ing\u00e9nierie<\/title>\n<meta name=\"description\" content=\"DDS Ing\u00e9nierie, bureau d\u2019\u00e9tude m\u00e9canique \u00e0 Mantes-la-Ville, accompagne vos projets en conception, prototypage, impression 3D et transformation. Interventions sur le Mantois et Yvelines.\">\n\n<!-- Contenu page -->\n<h1>Bureau d\u2019\u00e9tude m\u00e9canique \u00e0 Mantes-la-Ville (Mantois)<\/h1>\n\n<p><strong>DDS Ing\u00e9nierie<\/strong> est un bureau d\u2019\u00e9tude m\u00e9canique situ\u00e9 \u00e0 <strong>Mantes-la-Ville<\/strong>, au c\u0153ur du <strong>Mantois<\/strong>. Nous accompagnons les entreprises, artisans et particuliers dans leurs projets de conception, prototypage et transformation, du dessin technique \u00e0 la r\u00e9alisation finale.<\/p>\n\n<h2>Nos domaines de comp\u00e9tences<\/h2>\n<ul>\n  <li><strong>Conception m\u00e9canique<\/strong> sur mesure (pi\u00e8ces, outillages, ensembles m\u00e9caniques)<\/li>\n  <li><strong>Prototypage et impression 3D<\/strong> pour valider vos id\u00e9es rapidement<\/li>\n  <li><strong>Transformation et am\u00e9nagement<\/strong> (containers, tiny houses, structures m\u00e9talliques)<\/li>\n  <li><strong>\u00c9tudes de faisabilit\u00e9<\/strong> et accompagnement technique complet<\/li>\n<\/ul>\n\n<h2>Pourquoi choisir DDS Ing\u00e9nierie dans le Mantois ?<\/h2>\n<ul>\n  <li><strong>Proximit\u00e9<\/strong> : bas\u00e9 \u00e0 Mantes-la-Ville, interventions rapides dans le Mantois et les Yvelines<\/li>\n  <li><strong>Polyvalence<\/strong> : conception, prototypage, suivi de projet<\/li>\n  <li><strong>R\u00e9activit\u00e9<\/strong> : un interlocuteur unique de A \u00e0 Z<\/li>\n  <li><strong>Exp\u00e9rience<\/strong> : nombreux projets men\u00e9s avec des acteurs locaux<\/li>\n<\/ul>\n\n<h2>Exemples de r\u00e9alisations<\/h2>\n<p>Nous avons accompagn\u00e9 des clients locaux dans :<\/p>\n<ul>\n  <li>La transformation de containers en ateliers mobiles<\/li>\n  <li>La conception de pi\u00e8ces m\u00e9caniques sp\u00e9cifiques pour l\u2019industrie<\/li>\n  <li>Le prototypage par impression 3D de concepts innovants<\/li>\n  <li>L\u2019\u00e9tude technique de projets d\u2019am\u00e9nagement<\/li>\n<\/ul>\n\n<h2>Zone d\u2019intervention<\/h2>\n<p>Notre bureau intervient principalement sur le <strong>Mantois<\/strong> : Mantes-la-Ville, Mantes-la-Jolie, Limay, Magnanville, Buchelay, ainsi que dans tout le d\u00e9partement des <strong>Yvelines (78)<\/strong>.<\/p>\n\n<h2>Contactez-nous<\/h2>\n<p>Vous cherchez un <strong>bureau d\u2019\u00e9tude m\u00e9canique \u00e0 Mantes-la-Ville<\/strong> ?<\/p>\n<p><strong>DDS Ing\u00e9nierie<\/strong><br>\n151 Boulevard Roger Salengro, 78711 Mantes-la-Ville<br>\n\ud83d\udcde +33 6 xx xx xx xx<br>\n\u2709\ufe0f contact@dds-ingenierie.fr<\/p>\n\n<a href=\"\/contact\" class=\"btn\">Demander un devis<\/a>\n\n","protected":false},"excerpt":{"rendered":"<p>Le Recyclage du plastique le coeur de notre m\u00e9tier Concesption Nouveaux Produits Conception , \u00e9tude et design de nouvelles pieces en plastique recycl\u00e9 personalis\u00e9 pour tous les besoins \u00a0 Vente de granul\u00e9 plastique Recycl\u00e9 \u00a0 MantesPlast transforme les d\u00e9chets plastiques en objet du quotidien ! MantesPlast est un atelier bas\u00e9 \u00e0 Mantes la ville .&hellip; <br \/> <a class=\"read-more\" href=\"https:\/\/mantesplast.dds-ingenierie.fr\/\">Lire la suite<\/a><\/p>\n","protected":false},"author":1,"featured_media":0,"parent":0,"menu_order":0,"comment_status":"closed","ping_status":"closed","template":"page-templates\/homepage.php","meta":{"footnotes":""},"class_list":["post-1470","page","type-page","status-publish","hentry"],"_links":{"self":[{"href":"https:\/\/mantesplast.dds-ingenierie.fr\/index.php\/wp-json\/wp\/v2\/pages\/1470","targetHints":{"allow":["GET"]}}],"collection":[{"href":"https:\/\/mantesplast.dds-ingenierie.fr\/index.php\/wp-json\/wp\/v2\/pages"}],"about":[{"href":"https:\/\/mantesplast.dds-ingenierie.fr\/index.php\/wp-json\/wp\/v2\/types\/page"}],"author":[{"embeddable":true,"href":"https:\/\/mantesplast.dds-ingenierie.fr\/index.php\/wp-json\/wp\/v2\/users\/1"}],"replies":[{"embeddable":true,"href":"https:\/\/mantesplast.dds-ingenierie.fr\/index.php\/wp-json\/wp\/v2\/comments?post=1470"}],"version-history":[{"count":53,"href":"https:\/\/mantesplast.dds-ingenierie.fr\/index.php\/wp-json\/wp\/v2\/pages\/1470\/revisions"}],"predecessor-version":[{"id":1670,"href":"https:\/\/mantesplast.dds-ingenierie.fr\/index.php\/wp-json\/wp\/v2\/pages\/1470\/revisions\/1670"}],"wp:attachment":[{"href":"https:\/\/mantesplast.dds-ingenierie.fr\/index.php\/wp-json\/wp\/v2\/media?parent=1470"}],"curies":[{"name":"wp","href":"https:\/\/api.w.org\/{rel}","templated":true}]}}